{"id":98,"date":"2015-12-16T12:31:56","date_gmt":"2015-12-16T11:31:56","guid":{"rendered":"http:\/\/deburgh.mediamonkeysonline.nl\/?page_id=98"},"modified":"2021-09-02T09:29:05","modified_gmt":"2021-09-02T08:29:05","slug":"about-us","status":"publish","type":"page","link":"https:\/\/parts.truckland.nl\/de\/about-us\/","title":{"rendered":"\u00dcber uns"},"content":{"rendered":"<p>Als eines der ersten Unternehmen in der Branche erkannte <span class=\"VIiyi\" lang=\"de\"><span class=\"JLqJ4b ChMk0b\" data-language-for-alternatives=\"de\" data-language-to-translate-into=\"nl\" data-phrase-index=\"0\">Truckland Parts<\/span><\/span>, dass neben Orginalteilen auch ein Bedarf an guten gebrauchten Teilen bestand. Gebrauchte Teile sind kosteneffizient und in der Regel ebenso gut wie neue Teile. Und nicht zu vergessen hat die Wiederverwendung gebrauchter Teile einen positiven Einfluss auf den Umweltschutz.<\/p>\n<h2>MIT UNS BLEIBEN SIE AUF DER STRASSE<\/h2>\n<p>Wir verstehen wie wichtig es ist, dass Ihre Lkw kontinuierlich fahren m\u00fcssen um gewinnbringende Ertr\u00e4ge zu erzielen. Wartungen und Reparaturen m\u00fcssen so effizient wie m\u00f6glich geplant werden und unvorhergesehene Ausf\u00e4lle m\u00fcssen so schnell wie m\u00f6glich behoben werden. Die Mitarbeiter von <span class=\"VIiyi\" lang=\"de\"><span class=\"JLqJ4b ChMk0b\" data-language-for-alternatives=\"de\" data-language-to-translate-into=\"nl\" data-phrase-index=\"0\">Truckland Parts <\/span><\/span>wissen wie kein Zweiter, wie wichtig es ist, dass Ihr Gesch\u00e4ftsbetrieb m\u00f6glichst ohne Unterbrechungen laufen muss. Daher ist es unser Engagement, dass die von uns erbrachten Dienstleistungen \u00a0allerh\u00f6chsten Standards und Qualit\u00e4tsanforderungen entsprechen. Dies spiegelt sich auch in unseren langen \u00d6ffnungszeiten (t\u00e4glich von 7.30 bis 22.00 Uhr und samstags von 8.00 bis 12.00 Uhr), besonders aber auch in den von uns angebotenen Dienstleistungen wieder. Unsere Mitarbeiter verf\u00fcgen \u00fcber die notwendigen Kenntnisse und das erforderliche Know-how und sind immer auf dem Laufenden \u00fcber die neuesten Entwicklungen und Innovationen bei DAF. Dank unserer Kompetenz im Bereich Ersatzteile sind wir in der Lage, Sie gut zu beraten und Ihnen bei Bedarf m\u00f6gliche Alternativen anzubieten.<\/p>\n<h2>DIREKT AB LAGER<\/h2>\n<p>Unsere Lagerbest\u00e4nde werden regelm\u00e4\u00dfig aktualisiert und erweitert. Jede Woche erhalten wir besch\u00e4digte Lkw, die wir auf professionelle Art und Weise zerlegen.<\/p>\n<h2>ORGINAL-DAF-TEILENUMMERN<\/h2>\n<p>Nach Ausbau und Reinigung \u00fcberpr\u00fcfen wir die Teile auf ihre Qualit\u00e4t hin.\u00a0 Mit unserem Bestandsmanagementsystem k\u00f6nnen wir die Teile schnell anhand der DAF-Original-Teilenummer identifizieren. Wir registrieren auch die Original-VIN.<\/p>\n<h2>VERSAND<\/h2>\n<p>Haben Sie das Teil, was Sie suchen, auf dieser Webseite gefunden? Falls ja, k\u00f6nnen wir es Ihnen per UPS zusenden. Bitte nehmen Sie\u00a0<a href=\"http:\/\/www.lengotruckparts.com\/DE\/Kontakt\">Kontakt<\/a> zu uns auf, um eine Bestellung aufzugeben: +31 (0) 40 295 85 52.<\/p>\n<p>&nbsp;<\/p>\n","protected":false},"excerpt":{"rendered":"<p>Als eines der ersten Unternehmen in der Branche erkannte Truckland Parts, dass neben Orginalteilen auch ein Bedarf an guten gebrauchten Teilen bestand. Gebrauchte Teile sind kosteneffizient und in der Regel ebenso gut wie neue Teile. Und nicht zu vergessen hat die Wiederverwendung gebrauchter Teile einen positiven Einfluss auf den Umweltschutz. MIT UNS BLEIBEN SIE AUF&#8230;<\/p>\n","protected":false},"author":1,"featured_media":0,"parent":0,"menu_order":11,"comment_status":"closed","ping_status":"closed","template":"","meta":{"_acf_changed":false,"footnotes":""},"class_list":["post-98","page","type-page","status-publish","hentry"],"acf":[],"yoast_head":"<!-- This site is optimized with the Yoast SEO plugin v27.6 - https:\/\/yoast.com\/product\/yoast-seo-wordpress\/ -->\n<title>\u00dcber uns - Lengo TruckParts DE<\/title>\n<meta name=\"robots\" content=\"index, follow, max-snippet:-1, max-image-preview:large, max-video-preview:-1\" \/>\n<link rel=\"canonical\" href=\"https:\/\/parts.truckland.nl\/de\/about-us\/\" \/>\n<meta property=\"og:locale\" content=\"nl_NL\" \/>\n<meta property=\"og:type\" content=\"article\" \/>\n<meta property=\"og:title\" content=\"\u00dcber uns - Lengo TruckParts DE\" \/>\n<meta property=\"og:description\" content=\"Als eines der ersten Unternehmen in der Branche erkannte Truckland Parts, dass neben Orginalteilen auch ein Bedarf an guten gebrauchten Teilen bestand. Gebrauchte Teile sind kosteneffizient und in der Regel ebenso gut wie neue Teile. Und nicht zu vergessen hat die Wiederverwendung gebrauchter Teile einen positiven Einfluss auf den Umweltschutz. MIT UNS BLEIBEN SIE AUF...\" \/>\n<meta property=\"og:url\" content=\"https:\/\/parts.truckland.nl\/de\/about-us\/\" \/>\n<meta property=\"og:site_name\" content=\"Lengo TruckParts DE\" \/>\n<meta property=\"article:modified_time\" content=\"2021-09-02T08:29:05+00:00\" \/>\n<meta name=\"twitter:card\" content=\"summary_large_image\" \/>\n<meta name=\"twitter:label1\" content=\"Geschatte leestijd\" \/>\n\t<meta name=\"twitter:data1\" content=\"2 minuten\" \/>\n<script type=\"application\/ld+json\" class=\"yoast-schema-graph\">{\"@context\":\"https:\\\/\\\/schema.org\",\"@graph\":[{\"@type\":\"WebPage\",\"@id\":\"https:\\\/\\\/parts.truckland.nl\\\/de\\\/about-us\\\/\",\"url\":\"https:\\\/\\\/parts.truckland.nl\\\/de\\\/about-us\\\/\",\"name\":\"\u00dcber uns - Lengo TruckParts DE\",\"isPartOf\":{\"@id\":\"https:\\\/\\\/parts.truckland.nl\\\/de\\\/#website\"},\"datePublished\":\"2015-12-16T11:31:56+00:00\",\"dateModified\":\"2021-09-02T08:29:05+00:00\",\"breadcrumb\":{\"@id\":\"https:\\\/\\\/parts.truckland.nl\\\/de\\\/about-us\\\/#breadcrumb\"},\"inLanguage\":\"nl-NL\",\"potentialAction\":[{\"@type\":\"ReadAction\",\"target\":[\"https:\\\/\\\/parts.truckland.nl\\\/de\\\/about-us\\\/\"]}]},{\"@type\":\"BreadcrumbList\",\"@id\":\"https:\\\/\\\/parts.truckland.nl\\\/de\\\/about-us\\\/#breadcrumb\",\"itemListElement\":[{\"@type\":\"ListItem\",\"position\":1,\"name\":\"Home\",\"item\":\"https:\\\/\\\/parts.truckland.nl\\\/de\\\/\"},{\"@type\":\"ListItem\",\"position\":2,\"name\":\"\u00dcber uns\"}]},{\"@type\":\"WebSite\",\"@id\":\"https:\\\/\\\/parts.truckland.nl\\\/de\\\/#website\",\"url\":\"https:\\\/\\\/parts.truckland.nl\\\/de\\\/\",\"name\":\"Lengo TruckParts DE\",\"description\":\"En nog een WordPress site\",\"potentialAction\":[{\"@type\":\"SearchAction\",\"target\":{\"@type\":\"EntryPoint\",\"urlTemplate\":\"https:\\\/\\\/parts.truckland.nl\\\/de\\\/?s={search_term_string}\"},\"query-input\":{\"@type\":\"PropertyValueSpecification\",\"valueRequired\":true,\"valueName\":\"search_term_string\"}}],\"inLanguage\":\"nl-NL\"}]}<\/script>\n<!-- \/ Yoast SEO plugin. -->","yoast_head_json":{"title":"\u00dcber uns - Lengo TruckParts DE","robots":{"index":"index","follow":"follow","max-snippet":"max-snippet:-1","max-image-preview":"max-image-preview:large","max-video-preview":"max-video-preview:-1"},"canonical":"https:\/\/parts.truckland.nl\/de\/about-us\/","og_locale":"nl_NL","og_type":"article","og_title":"\u00dcber uns - Lengo TruckParts DE","og_description":"Als eines der ersten Unternehmen in der Branche erkannte Truckland Parts, dass neben Orginalteilen auch ein Bedarf an guten gebrauchten Teilen bestand. Gebrauchte Teile sind kosteneffizient und in der Regel ebenso gut wie neue Teile. Und nicht zu vergessen hat die Wiederverwendung gebrauchter Teile einen positiven Einfluss auf den Umweltschutz. MIT UNS BLEIBEN SIE AUF...","og_url":"https:\/\/parts.truckland.nl\/de\/about-us\/","og_site_name":"Lengo TruckParts DE","article_modified_time":"2021-09-02T08:29:05+00:00","twitter_card":"summary_large_image","twitter_misc":{"Geschatte leestijd":"2 minuten"},"schema":{"@context":"https:\/\/schema.org","@graph":[{"@type":"WebPage","@id":"https:\/\/parts.truckland.nl\/de\/about-us\/","url":"https:\/\/parts.truckland.nl\/de\/about-us\/","name":"\u00dcber uns - Lengo TruckParts DE","isPartOf":{"@id":"https:\/\/parts.truckland.nl\/de\/#website"},"datePublished":"2015-12-16T11:31:56+00:00","dateModified":"2021-09-02T08:29:05+00:00","breadcrumb":{"@id":"https:\/\/parts.truckland.nl\/de\/about-us\/#breadcrumb"},"inLanguage":"nl-NL","potentialAction":[{"@type":"ReadAction","target":["https:\/\/parts.truckland.nl\/de\/about-us\/"]}]},{"@type":"BreadcrumbList","@id":"https:\/\/parts.truckland.nl\/de\/about-us\/#breadcrumb","itemListElement":[{"@type":"ListItem","position":1,"name":"Home","item":"https:\/\/parts.truckland.nl\/de\/"},{"@type":"ListItem","position":2,"name":"\u00dcber uns"}]},{"@type":"WebSite","@id":"https:\/\/parts.truckland.nl\/de\/#website","url":"https:\/\/parts.truckland.nl\/de\/","name":"Lengo TruckParts DE","description":"En nog een WordPress site","potentialAction":[{"@type":"SearchAction","target":{"@type":"EntryPoint","urlTemplate":"https:\/\/parts.truckland.nl\/de\/?s={search_term_string}"},"query-input":{"@type":"PropertyValueSpecification","valueRequired":true,"valueName":"search_term_string"}}],"inLanguage":"nl-NL"}]}},"_links":{"self":[{"href":"https:\/\/parts.truckland.nl\/de\/wp-json\/wp\/v2\/pages\/98","targetHints":{"allow":["GET"]}}],"collection":[{"href":"https:\/\/parts.truckland.nl\/de\/wp-json\/wp\/v2\/pages"}],"about":[{"href":"https:\/\/parts.truckland.nl\/de\/wp-json\/wp\/v2\/types\/page"}],"author":[{"embeddable":true,"href":"https:\/\/parts.truckland.nl\/de\/wp-json\/wp\/v2\/users\/1"}],"replies":[{"embeddable":true,"href":"https:\/\/parts.truckland.nl\/de\/wp-json\/wp\/v2\/comments?post=98"}],"version-history":[{"count":23,"href":"https:\/\/parts.truckland.nl\/de\/wp-json\/wp\/v2\/pages\/98\/revisions"}],"predecessor-version":[{"id":569063,"href":"https:\/\/parts.truckland.nl\/de\/wp-json\/wp\/v2\/pages\/98\/revisions\/569063"}],"wp:attachment":[{"href":"https:\/\/parts.truckland.nl\/de\/wp-json\/wp\/v2\/media?parent=98"}],"curies":[{"name":"wp","href":"https:\/\/api.w.org\/{rel}","templated":true}]}}