{"id":78,"date":"2015-12-16T12:18:58","date_gmt":"2015-12-16T11:18:58","guid":{"rendered":"http:\/\/deburgh.mediamonkeysonline.nl\/?page_id=78"},"modified":"2021-09-02T09:24:00","modified_gmt":"2021-09-02T08:24:00","slug":"service","status":"publish","type":"page","link":"https:\/\/parts.truckland.nl\/de\/service\/","title":{"rendered":"Service"},"content":{"rendered":"<h2>DER SPEZIALIST\u00a0IN GEBRAUCHTEN DAF ERSATZTEILEN<\/h2>\n<ol>\n<li><strong>Gut geschultes und spezialisiertes Personal<\/strong><br \/>\nUnser Personal ist gut geschult und spezialisiert in DAF Ersatzteilen.<\/li>\n<li><strong>Spezialisiert in DAF Ersatzteilen<\/strong><br \/>\nWir sind die einzige Firma die sich auf DAF Ersatzteile ausgerichtet hat.<\/li>\n<li><strong>Zuverl\u00e4ssiger H\u00e4ndler<\/strong><br \/>\nTruckland ist DAF H\u00e4ndler f\u00fcr \u00fcber 85 Jahre.<\/li>\n<li><strong>Marktorientiert<\/strong><br \/>\nWir verfolgen den Markt und neue Innovationen genau.<\/li>\n<\/ol>\n<h2>BESTER LAGERBESTAND<\/h2>\n<ol>\n<li><strong>Das Gr\u00f6\u00dfte Sortiment<\/strong><br \/>\nWir haben mehr als 1 Million gebrauchte DAF Ersatzteile auf Lager.<\/li>\n<li><strong>Aktueller Lagerbestand<\/strong><br \/>\nDer Lagerbestand auf der Webseite ist der tats\u00e4chliche Lagerbestand.<\/li>\n<li><strong>Schnelle und genaue Lokalisierung<\/strong><br \/>\nWir lokalisieren schnell und akkurat unter der originalen DAF Nummer, daher liefern wir immer das korrekte Ersatzteil.<\/li>\n<li><strong>Fachgerechte Demontage<\/strong><br \/>\nJede Woche erhalten wir besch\u00e4digte Lastwagen die wir professional demontieren. Die Ersatzteile werden gr\u00fcndlich gereinigt, und in unserem Lager unter der original DAF Nummer gelagert.<\/li>\n<\/ol>\n<h2>IMMER ZU IHREN DIENSTEN<\/h2>\n<ol>\n<li><strong>Permanentes Help Desk<\/strong><br \/>\nWir haben ein permanentes Help Desk f\u00fcr ihre Fragen, Angebote und Bestellungen.<\/li>\n<li><strong>Die l\u00e4ngsten \u00d6ffnungszeiten<\/strong> Montag \u2013 Freitag: 08.30-22.00 Uhr. Samstag: 08.00-12.00 Uhr.<\/li>\n<li><strong>Wir organisieren den Versand<\/strong> Wir organisieren auch den Versand f\u00fcr sie.<\/li>\n<li><strong>Ihre Meinung ist wichtig<\/strong> Haben sie einen Verbesserungsvorschlag, Idee oder andere Anmerkungen? Bitte lassen sie es uns wissen. Sie erhalten eine Antwort nach einem Werktag.<\/li>\n<\/ol>\n<h2>KOSTENERSPARNIS VON\u00a050% UND UMWELTFRIENDLICH<\/h2>\n<ol>\n<li><strong>Neuwertig<\/strong><br \/>\nGebrauchte Ersatzteile sind neuwertig.<\/li>\n<li><strong>Kostenersparnis von 50%<\/strong><br \/>\nSie profitieren von einer Kostenersparnis von mindestens 50%.<\/li>\n<li><strong>Umweltfreundlich<\/strong><br \/>\nDurch Wiederverwendung von Ersatzteilen helfen sie einer besseren Umwelt.<\/li>\n<\/ol>\n<h2>GARANTIE UND QUALITAET<\/h2>\n<ol>\n<li><strong>Gute Kondition<br \/>\n<\/strong>Unsere gebrauchten Ersatzteile werden sorgf\u00e4ltig inspiziert, gereinigt und sind in gutem Zustand.<\/li>\n<li><strong>Spezielle Truckland Garantie<\/strong><br \/>\nF\u00fcr die meisten Ersatzteile bieten wir eine spezielle Truckland Garantie:<\/li>\n<\/ol>\n<ul>\n<li>3 Monate Garantie auf gebrauchten Motoren.<\/li>\n<li>1 Jahr Garantie auf Differenzial und Getriebe<\/li>\n<li>F\u00fcr alle anderen Ersatzteile gilt eine 1 Monat R\u00fcckgabe Garantie.<\/li>\n<\/ul>\n","protected":false},"excerpt":{"rendered":"<p>DER SPEZIALIST\u00a0IN GEBRAUCHTEN DAF ERSATZTEILEN Gut geschultes und spezialisiertes Personal Unser Personal ist gut geschult und spezialisiert in DAF Ersatzteilen. Spezialisiert in DAF Ersatzteilen Wir sind die einzige Firma die sich auf DAF Ersatzteile ausgerichtet hat. Zuverl\u00e4ssiger H\u00e4ndler Truckland ist DAF H\u00e4ndler f\u00fcr \u00fcber 85 Jahre. Marktorientiert Wir verfolgen den Markt und neue Innovationen genau&#8230;.<\/p>\n","protected":false},"author":1,"featured_media":0,"parent":0,"menu_order":7,"comment_status":"closed","ping_status":"closed","template":"","meta":{"_acf_changed":false,"footnotes":""},"class_list":["post-78","page","type-page","status-publish","hentry"],"acf":[],"yoast_head":"<!-- This site is optimized with the Yoast SEO plugin v27.5 - https:\/\/yoast.com\/product\/yoast-seo-wordpress\/ -->\n<title>Service - Lengo TruckParts DE<\/title>\n<meta name=\"robots\" content=\"index, follow, max-snippet:-1, max-image-preview:large, max-video-preview:-1\" \/>\n<link rel=\"canonical\" href=\"https:\/\/parts.truckland.nl\/de\/service\/\" \/>\n<meta property=\"og:locale\" content=\"nl_NL\" \/>\n<meta property=\"og:type\" content=\"article\" \/>\n<meta property=\"og:title\" content=\"Service - Lengo TruckParts DE\" \/>\n<meta property=\"og:description\" content=\"DER SPEZIALIST\u00a0IN GEBRAUCHTEN DAF ERSATZTEILEN Gut geschultes und spezialisiertes Personal Unser Personal ist gut geschult und spezialisiert in DAF Ersatzteilen. Spezialisiert in DAF Ersatzteilen Wir sind die einzige Firma die sich auf DAF Ersatzteile ausgerichtet hat. Zuverl\u00e4ssiger H\u00e4ndler Truckland ist DAF H\u00e4ndler f\u00fcr \u00fcber 85 Jahre. Marktorientiert Wir verfolgen den Markt und neue Innovationen genau....\" \/>\n<meta property=\"og:url\" content=\"https:\/\/parts.truckland.nl\/de\/service\/\" \/>\n<meta property=\"og:site_name\" content=\"Lengo TruckParts DE\" \/>\n<meta property=\"article:modified_time\" content=\"2021-09-02T08:24:00+00:00\" \/>\n<meta name=\"twitter:card\" content=\"summary_large_image\" \/>\n<meta name=\"twitter:label1\" content=\"Geschatte leestijd\" \/>\n\t<meta name=\"twitter:data1\" content=\"1 minuut\" \/>\n<script type=\"application\/ld+json\" class=\"yoast-schema-graph\">{\"@context\":\"https:\\\/\\\/schema.org\",\"@graph\":[{\"@type\":\"WebPage\",\"@id\":\"https:\\\/\\\/parts.truckland.nl\\\/de\\\/service\\\/\",\"url\":\"https:\\\/\\\/parts.truckland.nl\\\/de\\\/service\\\/\",\"name\":\"Service - Lengo TruckParts DE\",\"isPartOf\":{\"@id\":\"https:\\\/\\\/parts.truckland.nl\\\/de\\\/#website\"},\"datePublished\":\"2015-12-16T11:18:58+00:00\",\"dateModified\":\"2021-09-02T08:24:00+00:00\",\"breadcrumb\":{\"@id\":\"https:\\\/\\\/parts.truckland.nl\\\/de\\\/service\\\/#breadcrumb\"},\"inLanguage\":\"nl-NL\",\"potentialAction\":[{\"@type\":\"ReadAction\",\"target\":[\"https:\\\/\\\/parts.truckland.nl\\\/de\\\/service\\\/\"]}]},{\"@type\":\"BreadcrumbList\",\"@id\":\"https:\\\/\\\/parts.truckland.nl\\\/de\\\/service\\\/#breadcrumb\",\"itemListElement\":[{\"@type\":\"ListItem\",\"position\":1,\"name\":\"Home\",\"item\":\"https:\\\/\\\/parts.truckland.nl\\\/de\\\/\"},{\"@type\":\"ListItem\",\"position\":2,\"name\":\"Service\"}]},{\"@type\":\"WebSite\",\"@id\":\"https:\\\/\\\/parts.truckland.nl\\\/de\\\/#website\",\"url\":\"https:\\\/\\\/parts.truckland.nl\\\/de\\\/\",\"name\":\"Lengo TruckParts DE\",\"description\":\"En nog een WordPress site\",\"potentialAction\":[{\"@type\":\"SearchAction\",\"target\":{\"@type\":\"EntryPoint\",\"urlTemplate\":\"https:\\\/\\\/parts.truckland.nl\\\/de\\\/?s={search_term_string}\"},\"query-input\":{\"@type\":\"PropertyValueSpecification\",\"valueRequired\":true,\"valueName\":\"search_term_string\"}}],\"inLanguage\":\"nl-NL\"}]}<\/script>\n<!-- \/ Yoast SEO plugin. -->","yoast_head_json":{"title":"Service - Lengo TruckParts DE","robots":{"index":"index","follow":"follow","max-snippet":"max-snippet:-1","max-image-preview":"max-image-preview:large","max-video-preview":"max-video-preview:-1"},"canonical":"https:\/\/parts.truckland.nl\/de\/service\/","og_locale":"nl_NL","og_type":"article","og_title":"Service - Lengo TruckParts DE","og_description":"DER SPEZIALIST\u00a0IN GEBRAUCHTEN DAF ERSATZTEILEN Gut geschultes und spezialisiertes Personal Unser Personal ist gut geschult und spezialisiert in DAF Ersatzteilen. Spezialisiert in DAF Ersatzteilen Wir sind die einzige Firma die sich auf DAF Ersatzteile ausgerichtet hat. Zuverl\u00e4ssiger H\u00e4ndler Truckland ist DAF H\u00e4ndler f\u00fcr \u00fcber 85 Jahre. Marktorientiert Wir verfolgen den Markt und neue Innovationen genau....","og_url":"https:\/\/parts.truckland.nl\/de\/service\/","og_site_name":"Lengo TruckParts DE","article_modified_time":"2021-09-02T08:24:00+00:00","twitter_card":"summary_large_image","twitter_misc":{"Geschatte leestijd":"1 minuut"},"schema":{"@context":"https:\/\/schema.org","@graph":[{"@type":"WebPage","@id":"https:\/\/parts.truckland.nl\/de\/service\/","url":"https:\/\/parts.truckland.nl\/de\/service\/","name":"Service - Lengo TruckParts DE","isPartOf":{"@id":"https:\/\/parts.truckland.nl\/de\/#website"},"datePublished":"2015-12-16T11:18:58+00:00","dateModified":"2021-09-02T08:24:00+00:00","breadcrumb":{"@id":"https:\/\/parts.truckland.nl\/de\/service\/#breadcrumb"},"inLanguage":"nl-NL","potentialAction":[{"@type":"ReadAction","target":["https:\/\/parts.truckland.nl\/de\/service\/"]}]},{"@type":"BreadcrumbList","@id":"https:\/\/parts.truckland.nl\/de\/service\/#breadcrumb","itemListElement":[{"@type":"ListItem","position":1,"name":"Home","item":"https:\/\/parts.truckland.nl\/de\/"},{"@type":"ListItem","position":2,"name":"Service"}]},{"@type":"WebSite","@id":"https:\/\/parts.truckland.nl\/de\/#website","url":"https:\/\/parts.truckland.nl\/de\/","name":"Lengo TruckParts DE","description":"En nog een WordPress site","potentialAction":[{"@type":"SearchAction","target":{"@type":"EntryPoint","urlTemplate":"https:\/\/parts.truckland.nl\/de\/?s={search_term_string}"},"query-input":{"@type":"PropertyValueSpecification","valueRequired":true,"valueName":"search_term_string"}}],"inLanguage":"nl-NL"}]}},"_links":{"self":[{"href":"https:\/\/parts.truckland.nl\/de\/wp-json\/wp\/v2\/pages\/78","targetHints":{"allow":["GET"]}}],"collection":[{"href":"https:\/\/parts.truckland.nl\/de\/wp-json\/wp\/v2\/pages"}],"about":[{"href":"https:\/\/parts.truckland.nl\/de\/wp-json\/wp\/v2\/types\/page"}],"author":[{"embeddable":true,"href":"https:\/\/parts.truckland.nl\/de\/wp-json\/wp\/v2\/users\/1"}],"replies":[{"embeddable":true,"href":"https:\/\/parts.truckland.nl\/de\/wp-json\/wp\/v2\/comments?post=78"}],"version-history":[{"count":31,"href":"https:\/\/parts.truckland.nl\/de\/wp-json\/wp\/v2\/pages\/78\/revisions"}],"predecessor-version":[{"id":569059,"href":"https:\/\/parts.truckland.nl\/de\/wp-json\/wp\/v2\/pages\/78\/revisions\/569059"}],"wp:attachment":[{"href":"https:\/\/parts.truckland.nl\/de\/wp-json\/wp\/v2\/media?parent=78"}],"curies":[{"name":"wp","href":"https:\/\/api.w.org\/{rel}","templated":true}]}}