{"id":6,"date":"2015-11-17T16:35:00","date_gmt":"2015-11-17T15:35:00","guid":{"rendered":"http:\/\/deburgh.mediamonkeysonline.nl\/?page_id=6"},"modified":"2021-09-02T09:19:51","modified_gmt":"2021-09-02T08:19:51","slug":"daf-ersatztel-lengo-lastwagen-ersatzteile","status":"publish","type":"page","link":"https:\/\/parts.truckland.nl\/de\/","title":{"rendered":"Home"},"content":{"rendered":"<h1><strong>Truckland Lastwagen Ersatzteile: Spezialist f\u00fcr gebrauchte DAF Ersatzteile.<\/strong><\/h1>\n<p>Gebrauchte DAF Ersatzteile sind neuwertige Lastwagen Ersatzteile. Truckland Parts Lastwagen Ersatzteile sind spezialisiert in gebrauchten DAF Ersatzteilen.<\/p>\n<h2><strong>DAF Ersatzteile 50% billiger <\/strong><\/h2>\n<p>Ihren DAF mit gebrauchten Ersatzteilen zu reparieren ist billiger und besser f\u00fcr die Umwelt. Sparen sie bis zu 50% mit Truckland Parts! Wir haben mehr als 1 Million gebrauchter DAF Lastwagen Ersatzteile auf Lager. Das Sortiment wird kontinuierlich erweitert.<\/p>\n<h2><strong>Kenntnis und Service <\/strong><\/h2>\n<p>Truckland Parts arbeitet schnell und kompetent: Wir demontieren besch\u00e4digte Lkw auf professionelle Weise. Wir reinigen die Ersatzteile gr\u00fcndlich und wir lagern diese in unserem Lager unter der originalen DAF Nummer. Daher liefern wir immer das korrekte Ersatzteil. Unser gut geschultes und spezialisiertes Personal bietet ihnen kompetente Beratung, \u00fcber die korrekten gebrauchten Lkw Ersatzteile. Truckland Parts ist als Spezialist f\u00fcr DAF Ersatzteile mit den neuesten Innovationen bekannt, so sie k\u00f6nnen sich auf eine sachkundige Antwort verlassen.<\/p>\n<p>Moechten sie mehr wissen oder einen Termin machen? Bitte <u><a href=\"http:\/\/lengotruckparts.com\/de\/contact\/\">kontaktieren<\/a><\/u> sie uns!<\/p>\n<h1><\/h1>\n","protected":false},"excerpt":{"rendered":"<p>Truckland Lastwagen Ersatzteile: Spezialist f\u00fcr gebrauchte DAF Ersatzteile. Gebrauchte DAF Ersatzteile sind neuwertige Lastwagen Ersatzteile. Truckland Parts Lastwagen Ersatzteile sind spezialisiert in gebrauchten DAF Ersatzteilen. DAF Ersatzteile 50% billiger Ihren DAF mit gebrauchten Ersatzteilen zu reparieren ist billiger und besser f\u00fcr die Umwelt. Sparen sie bis zu 50% mit Truckland Parts! Wir haben mehr als&#8230;<\/p>\n","protected":false},"author":1,"featured_media":0,"parent":0,"menu_order":8,"comment_status":"closed","ping_status":"closed","template":"template-home.php","meta":{"_acf_changed":false,"footnotes":""},"class_list":["post-6","page","type-page","status-publish","hentry"],"acf":[],"yoast_head":"<!-- This site is optimized with the Yoast SEO plugin v27.6 - https:\/\/yoast.com\/product\/yoast-seo-wordpress\/ -->\n<title>Home - Lengo TruckParts DE<\/title>\n<meta name=\"description\" content=\"Gebrauchte DAF Ersatzteile sind genauso gut wie Neue. LenGo Lastwagen Ersatzteile ist spezialisiert auf gebrauchte DAF Ersatzteile.\" \/>\n<meta name=\"robots\" content=\"index, follow, max-snippet:-1, max-image-preview:large, max-video-preview:-1\" \/>\n<link rel=\"canonical\" href=\"https:\/\/parts.truckland.nl\/de\/\" \/>\n<meta property=\"og:locale\" content=\"nl_NL\" \/>\n<meta property=\"og:type\" content=\"article\" \/>\n<meta property=\"og:title\" content=\"Home - Lengo TruckParts DE\" \/>\n<meta property=\"og:description\" content=\"Gebrauchte DAF Ersatzteile sind genauso gut wie Neue. LenGo Lastwagen Ersatzteile ist spezialisiert auf gebrauchte DAF Ersatzteile.\" \/>\n<meta property=\"og:url\" content=\"https:\/\/parts.truckland.nl\/de\/\" \/>\n<meta property=\"og:site_name\" content=\"Lengo TruckParts DE\" \/>\n<meta property=\"article:modified_time\" content=\"2021-09-02T08:19:51+00:00\" \/>\n<meta name=\"twitter:card\" content=\"summary_large_image\" \/>\n<meta name=\"twitter:label1\" content=\"Geschatte leestijd\" \/>\n\t<meta name=\"twitter:data1\" content=\"1 minuut\" \/>\n<script type=\"application\/ld+json\" class=\"yoast-schema-graph\">{\"@context\":\"https:\\\/\\\/schema.org\",\"@graph\":[{\"@type\":\"WebPage\",\"@id\":\"https:\\\/\\\/parts.truckland.nl\\\/de\\\/\",\"url\":\"https:\\\/\\\/parts.truckland.nl\\\/de\\\/\",\"name\":\"Home - Lengo TruckParts DE\",\"isPartOf\":{\"@id\":\"https:\\\/\\\/parts.truckland.nl\\\/de\\\/#website\"},\"datePublished\":\"2015-11-17T15:35:00+00:00\",\"dateModified\":\"2021-09-02T08:19:51+00:00\",\"description\":\"Gebrauchte DAF Ersatzteile sind genauso gut wie Neue. LenGo Lastwagen Ersatzteile ist spezialisiert auf gebrauchte DAF Ersatzteile.\",\"breadcrumb\":{\"@id\":\"https:\\\/\\\/parts.truckland.nl\\\/de\\\/#breadcrumb\"},\"inLanguage\":\"nl-NL\",\"potentialAction\":[{\"@type\":\"ReadAction\",\"target\":[\"https:\\\/\\\/parts.truckland.nl\\\/de\\\/\"]}]},{\"@type\":\"BreadcrumbList\",\"@id\":\"https:\\\/\\\/parts.truckland.nl\\\/de\\\/#breadcrumb\",\"itemListElement\":[{\"@type\":\"ListItem\",\"position\":1,\"name\":\"Home\",\"item\":\"https:\\\/\\\/parts.truckland.nl\\\/de\\\/\"},{\"@type\":\"ListItem\",\"position\":2,\"name\":\"Home\"}]},{\"@type\":\"WebSite\",\"@id\":\"https:\\\/\\\/parts.truckland.nl\\\/de\\\/#website\",\"url\":\"https:\\\/\\\/parts.truckland.nl\\\/de\\\/\",\"name\":\"Lengo TruckParts DE\",\"description\":\"En nog een WordPress site\",\"potentialAction\":[{\"@type\":\"SearchAction\",\"target\":{\"@type\":\"EntryPoint\",\"urlTemplate\":\"https:\\\/\\\/parts.truckland.nl\\\/de\\\/?s={search_term_string}\"},\"query-input\":{\"@type\":\"PropertyValueSpecification\",\"valueRequired\":true,\"valueName\":\"search_term_string\"}}],\"inLanguage\":\"nl-NL\"}]}<\/script>\n<!-- \/ Yoast SEO plugin. -->","yoast_head_json":{"title":"Home - Lengo TruckParts DE","description":"Gebrauchte DAF Ersatzteile sind genauso gut wie Neue. LenGo Lastwagen Ersatzteile ist spezialisiert auf gebrauchte DAF Ersatzteile.","robots":{"index":"index","follow":"follow","max-snippet":"max-snippet:-1","max-image-preview":"max-image-preview:large","max-video-preview":"max-video-preview:-1"},"canonical":"https:\/\/parts.truckland.nl\/de\/","og_locale":"nl_NL","og_type":"article","og_title":"Home - Lengo TruckParts DE","og_description":"Gebrauchte DAF Ersatzteile sind genauso gut wie Neue. LenGo Lastwagen Ersatzteile ist spezialisiert auf gebrauchte DAF Ersatzteile.","og_url":"https:\/\/parts.truckland.nl\/de\/","og_site_name":"Lengo TruckParts DE","article_modified_time":"2021-09-02T08:19:51+00:00","twitter_card":"summary_large_image","twitter_misc":{"Geschatte leestijd":"1 minuut"},"schema":{"@context":"https:\/\/schema.org","@graph":[{"@type":"WebPage","@id":"https:\/\/parts.truckland.nl\/de\/","url":"https:\/\/parts.truckland.nl\/de\/","name":"Home - Lengo TruckParts DE","isPartOf":{"@id":"https:\/\/parts.truckland.nl\/de\/#website"},"datePublished":"2015-11-17T15:35:00+00:00","dateModified":"2021-09-02T08:19:51+00:00","description":"Gebrauchte DAF Ersatzteile sind genauso gut wie Neue. LenGo Lastwagen Ersatzteile ist spezialisiert auf gebrauchte DAF Ersatzteile.","breadcrumb":{"@id":"https:\/\/parts.truckland.nl\/de\/#breadcrumb"},"inLanguage":"nl-NL","potentialAction":[{"@type":"ReadAction","target":["https:\/\/parts.truckland.nl\/de\/"]}]},{"@type":"BreadcrumbList","@id":"https:\/\/parts.truckland.nl\/de\/#breadcrumb","itemListElement":[{"@type":"ListItem","position":1,"name":"Home","item":"https:\/\/parts.truckland.nl\/de\/"},{"@type":"ListItem","position":2,"name":"Home"}]},{"@type":"WebSite","@id":"https:\/\/parts.truckland.nl\/de\/#website","url":"https:\/\/parts.truckland.nl\/de\/","name":"Lengo TruckParts DE","description":"En nog een WordPress site","potentialAction":[{"@type":"SearchAction","target":{"@type":"EntryPoint","urlTemplate":"https:\/\/parts.truckland.nl\/de\/?s={search_term_string}"},"query-input":{"@type":"PropertyValueSpecification","valueRequired":true,"valueName":"search_term_string"}}],"inLanguage":"nl-NL"}]}},"_links":{"self":[{"href":"https:\/\/parts.truckland.nl\/de\/wp-json\/wp\/v2\/pages\/6","targetHints":{"allow":["GET"]}}],"collection":[{"href":"https:\/\/parts.truckland.nl\/de\/wp-json\/wp\/v2\/pages"}],"about":[{"href":"https:\/\/parts.truckland.nl\/de\/wp-json\/wp\/v2\/types\/page"}],"author":[{"embeddable":true,"href":"https:\/\/parts.truckland.nl\/de\/wp-json\/wp\/v2\/users\/1"}],"replies":[{"embeddable":true,"href":"https:\/\/parts.truckland.nl\/de\/wp-json\/wp\/v2\/comments?post=6"}],"version-history":[{"count":150,"href":"https:\/\/parts.truckland.nl\/de\/wp-json\/wp\/v2\/pages\/6\/revisions"}],"predecessor-version":[{"id":569056,"href":"https:\/\/parts.truckland.nl\/de\/wp-json\/wp\/v2\/pages\/6\/revisions\/569056"}],"wp:attachment":[{"href":"https:\/\/parts.truckland.nl\/de\/wp-json\/wp\/v2\/media?parent=6"}],"curies":[{"name":"wp","href":"https:\/\/api.w.org\/{rel}","templated":true}]}}