{"id":1230,"date":"2016-06-21T10:06:22","date_gmt":"2016-06-21T09:06:22","guid":{"rendered":"http:\/\/localhost\/?page_id=1230"},"modified":"2021-09-02T09:30:12","modified_gmt":"2021-09-02T08:30:12","slug":"csr","status":"publish","type":"page","link":"https:\/\/parts.truckland.nl\/de\/csr\/","title":{"rendered":"Nachhaltigkeit (CSR)"},"content":{"rendered":"<p>Nachhaltigkeit ist ein umfassendes Konzept. LenGo Truck Parts f\u00f6rdert die Nachhaltigkeit und Sozialverantwortung des Unternehmens im Rahmen seines Gesch\u00e4ftsbetriebs:<\/p>\n<h2>GESCH\u00c4FTSBETRIEB: <a href=\"http:\/\/lengotruckparts.com\/de\/wp-content\/uploads\/sites\/3\/2016\/06\/DeBurgh-03-2016-042.jpg\"><img loading=\"lazy\" decoding=\"async\" class=\"size-medium wp-image-280399 alignright\" src=\"http:\/\/lengotruckparts.com\/de\/wp-content\/uploads\/sites\/3\/2016\/06\/DeBurgh-03-2016-042-300x200.jpg\" alt=\"DeBurgh-03-2016-042\" width=\"300\" height=\"200\" srcset=\"https:\/\/parts.truckland.nl\/de\/wp-content\/uploads\/sites\/3\/2016\/06\/DeBurgh-03-2016-042-300x200.jpg 300w, https:\/\/parts.truckland.nl\/de\/wp-content\/uploads\/sites\/3\/2016\/06\/DeBurgh-03-2016-042-1024x683.jpg 1024w, https:\/\/parts.truckland.nl\/de\/wp-content\/uploads\/sites\/3\/2016\/06\/DeBurgh-03-2016-042.jpg 1920w\" sizes=\"auto, (max-width: 300px) 100vw, 300px\" \/><\/a><\/h2>\n<ul>\n<li>Ordnungsgem\u00e4\u00dfes Handhaben und Trennen von Abfallstr\u00f6men<\/li>\n<li>Wiederverwendung von Materialien und Teilen<\/li>\n<li>Moderne, energieeffiziente und sichere Geb\u00e4ude und B\u00fcros<\/li>\n<li>Effizientes und automatisiertes Bestandsmanagement<\/li>\n<li>Kontinuierliche Investition in nachhaltige L\u00f6sungen f\u00fcr Lager und Werkstatt<\/li>\n<\/ul>\n<h2>MITARBEITER:<\/h2>\n<ul>\n<li>Gute Schulungsm\u00f6glichkeiten LenGo Truck Parts investiert in die Kenntnisse und Fertigkeiten unserer Mitarbeiter. Die Innovationen in der Branche werden genau beobachtet und die Mitarbeiter erhalten die Gelegenheit, ihre Fertigkeiten und Kenntnisse zu vertiefen und zu erweitern, um mit den Innovationen Schritt halten zu k\u00f6nnen.<\/li>\n<li>Engagement f\u00fcr ein gutes Arbeitsklima und die pers\u00f6nliche Entwicklung<\/li>\n<li>BOVAG-Zertifikat f\u00fcr Ausbildungsbetriebe Unsere Ausbildungsleiter helfen Berufssch\u00fclern w\u00e4hrend ihres Praktikums beim Erwerb und der Weiterentwicklung von Fertigkeiten. LenGo wurde wiederholt zum Ausbildungsbetrieb des Jahres gew\u00e4hlt,\u00a0 im Jahr 2005 waren wir sogar der beste Ausbildungsbetrieb in allen Branchen!<\/li>\n<\/ul>\n<h2>QUALITAET UND UMWELT RICHTLINIEN<\/h2>\n<p><span class=\"VIiyi\" lang=\"de\"><span class=\"JLqJ4b ChMk0b\" data-language-for-alternatives=\"de\" data-language-to-translate-into=\"nl\" data-phrase-index=\"0\">Truckland Parts <\/span><\/span>ist sowohl ISA 9001 \u2013 wie auch 14001 zertifiziert und erf\u00fcllt die Global anerkannten Richtlinien f\u00fcr ein Qualit\u00e4tsmanagement System und ein umweltfreundliches Management System.<\/p>\n","protected":false},"excerpt":{"rendered":"<p>Nachhaltigkeit ist ein umfassendes Konzept. LenGo Truck Parts f\u00f6rdert die Nachhaltigkeit und Sozialverantwortung des Unternehmens im Rahmen seines Gesch\u00e4ftsbetriebs: GESCH\u00c4FTSBETRIEB: Ordnungsgem\u00e4\u00dfes Handhaben und Trennen von Abfallstr\u00f6men Wiederverwendung von Materialien und Teilen Moderne, energieeffiziente und sichere Geb\u00e4ude und B\u00fcros Effizientes und automatisiertes Bestandsmanagement Kontinuierliche Investition in nachhaltige L\u00f6sungen f\u00fcr Lager und Werkstatt MITARBEITER: Gute Schulungsm\u00f6glichkeiten LenGo&#8230;<\/p>\n","protected":false},"author":1,"featured_media":0,"parent":0,"menu_order":0,"comment_status":"closed","ping_status":"closed","template":"","meta":{"_acf_changed":false,"footnotes":""},"class_list":["post-1230","page","type-page","status-publish","hentry"],"acf":[],"yoast_head":"<!-- This site is optimized with the Yoast SEO plugin v27.6 - https:\/\/yoast.com\/product\/yoast-seo-wordpress\/ -->\n<title>Nachhaltigkeit (CSR) - Lengo TruckParts DE<\/title>\n<meta name=\"robots\" content=\"index, follow, max-snippet:-1, max-image-preview:large, max-video-preview:-1\" \/>\n<link rel=\"canonical\" href=\"https:\/\/parts.truckland.nl\/de\/csr\/\" \/>\n<meta property=\"og:locale\" content=\"nl_NL\" \/>\n<meta property=\"og:type\" content=\"article\" \/>\n<meta property=\"og:title\" content=\"Nachhaltigkeit (CSR) - Lengo TruckParts DE\" \/>\n<meta property=\"og:description\" content=\"Nachhaltigkeit ist ein umfassendes Konzept. LenGo Truck Parts f\u00f6rdert die Nachhaltigkeit und Sozialverantwortung des Unternehmens im Rahmen seines Gesch\u00e4ftsbetriebs: GESCH\u00c4FTSBETRIEB: Ordnungsgem\u00e4\u00dfes Handhaben und Trennen von Abfallstr\u00f6men Wiederverwendung von Materialien und Teilen Moderne, energieeffiziente und sichere Geb\u00e4ude und B\u00fcros Effizientes und automatisiertes Bestandsmanagement Kontinuierliche Investition in nachhaltige L\u00f6sungen f\u00fcr Lager und Werkstatt MITARBEITER: Gute Schulungsm\u00f6glichkeiten LenGo...\" \/>\n<meta property=\"og:url\" content=\"https:\/\/parts.truckland.nl\/de\/csr\/\" \/>\n<meta property=\"og:site_name\" content=\"Lengo TruckParts DE\" \/>\n<meta property=\"article:modified_time\" content=\"2021-09-02T08:30:12+00:00\" \/>\n<meta property=\"og:image\" content=\"http:\/\/lengotruckparts.com\/de\/wp-content\/uploads\/sites\/3\/2016\/06\/DeBurgh-03-2016-042-300x200.jpg\" \/>\n<meta name=\"twitter:card\" content=\"summary_large_image\" \/>\n<meta name=\"twitter:label1\" content=\"Geschatte leestijd\" \/>\n\t<meta name=\"twitter:data1\" content=\"1 minuut\" \/>\n<script type=\"application\/ld+json\" class=\"yoast-schema-graph\">{\"@context\":\"https:\\\/\\\/schema.org\",\"@graph\":[{\"@type\":\"WebPage\",\"@id\":\"https:\\\/\\\/parts.truckland.nl\\\/de\\\/csr\\\/\",\"url\":\"https:\\\/\\\/parts.truckland.nl\\\/de\\\/csr\\\/\",\"name\":\"Nachhaltigkeit (CSR) - Lengo TruckParts DE\",\"isPartOf\":{\"@id\":\"https:\\\/\\\/parts.truckland.nl\\\/de\\\/#website\"},\"primaryImageOfPage\":{\"@id\":\"https:\\\/\\\/parts.truckland.nl\\\/de\\\/csr\\\/#primaryimage\"},\"image\":{\"@id\":\"https:\\\/\\\/parts.truckland.nl\\\/de\\\/csr\\\/#primaryimage\"},\"thumbnailUrl\":\"http:\\\/\\\/lengotruckparts.com\\\/de\\\/wp-content\\\/uploads\\\/sites\\\/3\\\/2016\\\/06\\\/DeBurgh-03-2016-042-300x200.jpg\",\"datePublished\":\"2016-06-21T09:06:22+00:00\",\"dateModified\":\"2021-09-02T08:30:12+00:00\",\"breadcrumb\":{\"@id\":\"https:\\\/\\\/parts.truckland.nl\\\/de\\\/csr\\\/#breadcrumb\"},\"inLanguage\":\"nl-NL\",\"potentialAction\":[{\"@type\":\"ReadAction\",\"target\":[\"https:\\\/\\\/parts.truckland.nl\\\/de\\\/csr\\\/\"]}]},{\"@type\":\"ImageObject\",\"inLanguage\":\"nl-NL\",\"@id\":\"https:\\\/\\\/parts.truckland.nl\\\/de\\\/csr\\\/#primaryimage\",\"url\":\"http:\\\/\\\/lengotruckparts.com\\\/de\\\/wp-content\\\/uploads\\\/sites\\\/3\\\/2016\\\/06\\\/DeBurgh-03-2016-042-300x200.jpg\",\"contentUrl\":\"http:\\\/\\\/lengotruckparts.com\\\/de\\\/wp-content\\\/uploads\\\/sites\\\/3\\\/2016\\\/06\\\/DeBurgh-03-2016-042-300x200.jpg\"},{\"@type\":\"BreadcrumbList\",\"@id\":\"https:\\\/\\\/parts.truckland.nl\\\/de\\\/csr\\\/#breadcrumb\",\"itemListElement\":[{\"@type\":\"ListItem\",\"position\":1,\"name\":\"Home\",\"item\":\"https:\\\/\\\/parts.truckland.nl\\\/de\\\/\"},{\"@type\":\"ListItem\",\"position\":2,\"name\":\"Nachhaltigkeit (CSR)\"}]},{\"@type\":\"WebSite\",\"@id\":\"https:\\\/\\\/parts.truckland.nl\\\/de\\\/#website\",\"url\":\"https:\\\/\\\/parts.truckland.nl\\\/de\\\/\",\"name\":\"Lengo TruckParts DE\",\"description\":\"En nog een WordPress site\",\"potentialAction\":[{\"@type\":\"SearchAction\",\"target\":{\"@type\":\"EntryPoint\",\"urlTemplate\":\"https:\\\/\\\/parts.truckland.nl\\\/de\\\/?s={search_term_string}\"},\"query-input\":{\"@type\":\"PropertyValueSpecification\",\"valueRequired\":true,\"valueName\":\"search_term_string\"}}],\"inLanguage\":\"nl-NL\"}]}<\/script>\n<!-- \/ Yoast SEO plugin. -->","yoast_head_json":{"title":"Nachhaltigkeit (CSR) - Lengo TruckParts DE","robots":{"index":"index","follow":"follow","max-snippet":"max-snippet:-1","max-image-preview":"max-image-preview:large","max-video-preview":"max-video-preview:-1"},"canonical":"https:\/\/parts.truckland.nl\/de\/csr\/","og_locale":"nl_NL","og_type":"article","og_title":"Nachhaltigkeit (CSR) - Lengo TruckParts DE","og_description":"Nachhaltigkeit ist ein umfassendes Konzept. LenGo Truck Parts f\u00f6rdert die Nachhaltigkeit und Sozialverantwortung des Unternehmens im Rahmen seines Gesch\u00e4ftsbetriebs: GESCH\u00c4FTSBETRIEB: Ordnungsgem\u00e4\u00dfes Handhaben und Trennen von Abfallstr\u00f6men Wiederverwendung von Materialien und Teilen Moderne, energieeffiziente und sichere Geb\u00e4ude und B\u00fcros Effizientes und automatisiertes Bestandsmanagement Kontinuierliche Investition in nachhaltige L\u00f6sungen f\u00fcr Lager und Werkstatt MITARBEITER: Gute Schulungsm\u00f6glichkeiten LenGo...","og_url":"https:\/\/parts.truckland.nl\/de\/csr\/","og_site_name":"Lengo TruckParts DE","article_modified_time":"2021-09-02T08:30:12+00:00","og_image":[{"url":"http:\/\/lengotruckparts.com\/de\/wp-content\/uploads\/sites\/3\/2016\/06\/DeBurgh-03-2016-042-300x200.jpg","type":"","width":"","height":""}],"twitter_card":"summary_large_image","twitter_misc":{"Geschatte leestijd":"1 minuut"},"schema":{"@context":"https:\/\/schema.org","@graph":[{"@type":"WebPage","@id":"https:\/\/parts.truckland.nl\/de\/csr\/","url":"https:\/\/parts.truckland.nl\/de\/csr\/","name":"Nachhaltigkeit (CSR) - Lengo TruckParts DE","isPartOf":{"@id":"https:\/\/parts.truckland.nl\/de\/#website"},"primaryImageOfPage":{"@id":"https:\/\/parts.truckland.nl\/de\/csr\/#primaryimage"},"image":{"@id":"https:\/\/parts.truckland.nl\/de\/csr\/#primaryimage"},"thumbnailUrl":"http:\/\/lengotruckparts.com\/de\/wp-content\/uploads\/sites\/3\/2016\/06\/DeBurgh-03-2016-042-300x200.jpg","datePublished":"2016-06-21T09:06:22+00:00","dateModified":"2021-09-02T08:30:12+00:00","breadcrumb":{"@id":"https:\/\/parts.truckland.nl\/de\/csr\/#breadcrumb"},"inLanguage":"nl-NL","potentialAction":[{"@type":"ReadAction","target":["https:\/\/parts.truckland.nl\/de\/csr\/"]}]},{"@type":"ImageObject","inLanguage":"nl-NL","@id":"https:\/\/parts.truckland.nl\/de\/csr\/#primaryimage","url":"http:\/\/lengotruckparts.com\/de\/wp-content\/uploads\/sites\/3\/2016\/06\/DeBurgh-03-2016-042-300x200.jpg","contentUrl":"http:\/\/lengotruckparts.com\/de\/wp-content\/uploads\/sites\/3\/2016\/06\/DeBurgh-03-2016-042-300x200.jpg"},{"@type":"BreadcrumbList","@id":"https:\/\/parts.truckland.nl\/de\/csr\/#breadcrumb","itemListElement":[{"@type":"ListItem","position":1,"name":"Home","item":"https:\/\/parts.truckland.nl\/de\/"},{"@type":"ListItem","position":2,"name":"Nachhaltigkeit (CSR)"}]},{"@type":"WebSite","@id":"https:\/\/parts.truckland.nl\/de\/#website","url":"https:\/\/parts.truckland.nl\/de\/","name":"Lengo TruckParts DE","description":"En nog een WordPress site","potentialAction":[{"@type":"SearchAction","target":{"@type":"EntryPoint","urlTemplate":"https:\/\/parts.truckland.nl\/de\/?s={search_term_string}"},"query-input":{"@type":"PropertyValueSpecification","valueRequired":true,"valueName":"search_term_string"}}],"inLanguage":"nl-NL"}]}},"_links":{"self":[{"href":"https:\/\/parts.truckland.nl\/de\/wp-json\/wp\/v2\/pages\/1230","targetHints":{"allow":["GET"]}}],"collection":[{"href":"https:\/\/parts.truckland.nl\/de\/wp-json\/wp\/v2\/pages"}],"about":[{"href":"https:\/\/parts.truckland.nl\/de\/wp-json\/wp\/v2\/types\/page"}],"author":[{"embeddable":true,"href":"https:\/\/parts.truckland.nl\/de\/wp-json\/wp\/v2\/users\/1"}],"replies":[{"embeddable":true,"href":"https:\/\/parts.truckland.nl\/de\/wp-json\/wp\/v2\/comments?post=1230"}],"version-history":[{"count":14,"href":"https:\/\/parts.truckland.nl\/de\/wp-json\/wp\/v2\/pages\/1230\/revisions"}],"predecessor-version":[{"id":569064,"href":"https:\/\/parts.truckland.nl\/de\/wp-json\/wp\/v2\/pages\/1230\/revisions\/569064"}],"wp:attachment":[{"href":"https:\/\/parts.truckland.nl\/de\/wp-json\/wp\/v2\/media?parent=1230"}],"curies":[{"name":"wp","href":"https:\/\/api.w.org\/{rel}","templated":true}]}}